{"id":2179,"date":"2023-05-02T14:54:56","date_gmt":"2023-05-02T14:54:56","guid":{"rendered":"https:\/\/frenchtranslatorpro.com\/personalizar-cookies\/"},"modified":"2023-05-02T14:54:56","modified_gmt":"2023-05-02T14:54:56","slug":"personalizar-cookies","status":"publish","type":"page","link":"https:\/\/frenchtranslatorpro.com\/en\/personalizar-cookies\/","title":{"rendered":"Personalizar Cookies"},"content":{"rendered":"","protected":false},"excerpt":{"rendered":"","protected":false},"author":2,"featured_media":0,"parent":0,"menu_order":0,"comment_status":"closed","ping_status":"closed","template":"","meta":{"footnotes":""},"class_list":["post-2179","page","type-page","status-publish","hentry"],"yoast_head":"<!-- This site is optimized with the Yoast SEO plugin v21.7 - https:\/\/yoast.com\/wordpress\/plugins\/seo\/ -->\n<title>Personalizar Cookies - French Translator Pro<\/title>\n<meta name=\"robots\" content=\"index, follow, max-snippet:-1, max-image-preview:large, max-video-preview:-1\" \/>\n<link rel=\"canonical\" href=\"https:\/\/frenchtranslatorpro.com\/en\/personalizar-cookies\/\" \/>\n<meta property=\"og:locale\" content=\"en_US\" \/>\n<meta property=\"og:type\" content=\"article\" \/>\n<meta property=\"og:title\" content=\"Personalizar Cookies - French Translator Pro\" \/>\n<meta property=\"og:url\" content=\"https:\/\/frenchtranslatorpro.com\/en\/personalizar-cookies\/\" \/>\n<meta property=\"og:site_name\" content=\"French Translator Pro\" \/>\n<meta property=\"og:image\" content=\"https:\/\/frenchtranslatorpro.com\/wp-content\/uploads\/2023\/04\/Logo_Blue-1.png\" \/>\n\t<meta property=\"og:image:width\" content=\"200\" \/>\n\t<meta property=\"og:image:height\" content=\"200\" \/>\n\t<meta property=\"og:image:type\" content=\"image\/png\" \/>\n<meta name=\"twitter:card\" content=\"summary_large_image\" \/>\n<script type=\"application\/ld+json\" class=\"yoast-schema-graph\">{\"@context\":\"https:\/\/schema.org\",\"@graph\":[{\"@type\":\"WebPage\",\"@id\":\"https:\/\/frenchtranslatorpro.com\/en\/personalizar-cookies\/\",\"url\":\"https:\/\/frenchtranslatorpro.com\/en\/personalizar-cookies\/\",\"name\":\"Personalizar Cookies - French Translator Pro\",\"isPartOf\":{\"@id\":\"http:\/\/10.233.87.162:80\/#website\"},\"datePublished\":\"2023-05-02T14:54:56+00:00\",\"dateModified\":\"2023-05-02T14:54:56+00:00\",\"breadcrumb\":{\"@id\":\"https:\/\/frenchtranslatorpro.com\/en\/personalizar-cookies\/#breadcrumb\"},\"inLanguage\":\"en-US\",\"potentialAction\":[{\"@type\":\"ReadAction\",\"target\":[\"https:\/\/frenchtranslatorpro.com\/en\/personalizar-cookies\/\"]}]},{\"@type\":\"BreadcrumbList\",\"@id\":\"https:\/\/frenchtranslatorpro.com\/en\/personalizar-cookies\/#breadcrumb\",\"itemListElement\":[{\"@type\":\"ListItem\",\"position\":1,\"name\":\"Portada\",\"item\":\"https:\/\/frenchtranslatorpro.com\/en\/\"},{\"@type\":\"ListItem\",\"position\":2,\"name\":\"Personalizar Cookies\"}]},{\"@type\":\"WebSite\",\"@id\":\"http:\/\/10.233.87.162:80\/#website\",\"url\":\"http:\/\/10.233.87.162:80\/\",\"name\":\"Traducci\u00f3n Espa\u00f1ol\/Ingl\u00e9s a Franc\u00e9s - French Translator Pro\",\"description\":\"Traducci\u00f3n Espa\u00f1ol\/Ingl\u00e9s a Franc\u00e9s\",\"publisher\":{\"@id\":\"http:\/\/10.233.87.162:80\/#organization\"},\"alternateName\":\"French Translator Pro\",\"potentialAction\":[{\"@type\":\"SearchAction\",\"target\":{\"@type\":\"EntryPoint\",\"urlTemplate\":\"http:\/\/10.233.87.162:80\/?s={search_term_string}\"},\"query-input\":\"required name=search_term_string\"}],\"inLanguage\":\"en-US\"},{\"@type\":\"Organization\",\"@id\":\"http:\/\/10.233.87.162:80\/#organization\",\"name\":\"Traducci\u00f3n Espa\u00f1ol\/Ingl\u00e9s a Franc\u00e9s - French Translator Pro\",\"url\":\"http:\/\/10.233.87.162:80\/\",\"logo\":{\"@type\":\"ImageObject\",\"inLanguage\":\"en-US\",\"@id\":\"http:\/\/10.233.87.162:80\/#\/schema\/logo\/image\/\",\"url\":\"https:\/\/frenchtranslatorpro.com\/wp-content\/uploads\/2023\/03\/Asset7.png\",\"contentUrl\":\"https:\/\/frenchtranslatorpro.com\/wp-content\/uploads\/2023\/03\/Asset7.png\",\"width\":411,\"height\":102,\"caption\":\"Traducci\u00f3n Espa\u00f1ol\/Ingl\u00e9s a Franc\u00e9s - French Translator Pro\"},\"image\":{\"@id\":\"http:\/\/10.233.87.162:80\/#\/schema\/logo\/image\/\"}}]}<\/script>\n<!-- \/ Yoast SEO plugin. -->","yoast_head_json":{"title":"Personalizar Cookies - French Translator Pro","robots":{"index":"index","follow":"follow","max-snippet":"max-snippet:-1","max-image-preview":"max-image-preview:large","max-video-preview":"max-video-preview:-1"},"canonical":"https:\/\/frenchtranslatorpro.com\/en\/personalizar-cookies\/","og_locale":"en_US","og_type":"article","og_title":"Personalizar Cookies - French Translator Pro","og_url":"https:\/\/frenchtranslatorpro.com\/en\/personalizar-cookies\/","og_site_name":"French Translator Pro","og_image":[{"width":200,"height":200,"url":"https:\/\/frenchtranslatorpro.com\/wp-content\/uploads\/2023\/04\/Logo_Blue-1.png","type":"image\/png"}],"twitter_card":"summary_large_image","schema":{"@context":"https:\/\/schema.org","@graph":[{"@type":"WebPage","@id":"https:\/\/frenchtranslatorpro.com\/en\/personalizar-cookies\/","url":"https:\/\/frenchtranslatorpro.com\/en\/personalizar-cookies\/","name":"Personalizar Cookies - French Translator Pro","isPartOf":{"@id":"http:\/\/10.233.87.162:80\/#website"},"datePublished":"2023-05-02T14:54:56+00:00","dateModified":"2023-05-02T14:54:56+00:00","breadcrumb":{"@id":"https:\/\/frenchtranslatorpro.com\/en\/personalizar-cookies\/#breadcrumb"},"inLanguage":"en-US","potentialAction":[{"@type":"ReadAction","target":["https:\/\/frenchtranslatorpro.com\/en\/personalizar-cookies\/"]}]},{"@type":"BreadcrumbList","@id":"https:\/\/frenchtranslatorpro.com\/en\/personalizar-cookies\/#breadcrumb","itemListElement":[{"@type":"ListItem","position":1,"name":"Portada","item":"https:\/\/frenchtranslatorpro.com\/en\/"},{"@type":"ListItem","position":2,"name":"Personalizar Cookies"}]},{"@type":"WebSite","@id":"http:\/\/10.233.87.162:80\/#website","url":"http:\/\/10.233.87.162:80\/","name":"Traducci\u00f3n Espa\u00f1ol\/Ingl\u00e9s a Franc\u00e9s - French Translator Pro","description":"Traducci\u00f3n Espa\u00f1ol\/Ingl\u00e9s a Franc\u00e9s","publisher":{"@id":"http:\/\/10.233.87.162:80\/#organization"},"alternateName":"French Translator Pro","potentialAction":[{"@type":"SearchAction","target":{"@type":"EntryPoint","urlTemplate":"http:\/\/10.233.87.162:80\/?s={search_term_string}"},"query-input":"required name=search_term_string"}],"inLanguage":"en-US"},{"@type":"Organization","@id":"http:\/\/10.233.87.162:80\/#organization","name":"Traducci\u00f3n Espa\u00f1ol\/Ingl\u00e9s a Franc\u00e9s - French Translator Pro","url":"http:\/\/10.233.87.162:80\/","logo":{"@type":"ImageObject","inLanguage":"en-US","@id":"http:\/\/10.233.87.162:80\/#\/schema\/logo\/image\/","url":"https:\/\/frenchtranslatorpro.com\/wp-content\/uploads\/2023\/03\/Asset7.png","contentUrl":"https:\/\/frenchtranslatorpro.com\/wp-content\/uploads\/2023\/03\/Asset7.png","width":411,"height":102,"caption":"Traducci\u00f3n Espa\u00f1ol\/Ingl\u00e9s a Franc\u00e9s - French Translator Pro"},"image":{"@id":"http:\/\/10.233.87.162:80\/#\/schema\/logo\/image\/"}}]}},"_links":{"self":[{"href":"https:\/\/frenchtranslatorpro.com\/en\/wp-json\/wp\/v2\/pages\/2179","targetHints":{"allow":["GET"]}}],"collection":[{"href":"https:\/\/frenchtranslatorpro.com\/en\/wp-json\/wp\/v2\/pages"}],"about":[{"href":"https:\/\/frenchtranslatorpro.com\/en\/wp-json\/wp\/v2\/types\/page"}],"author":[{"embeddable":true,"href":"https:\/\/frenchtranslatorpro.com\/en\/wp-json\/wp\/v2\/users\/2"}],"replies":[{"embeddable":true,"href":"https:\/\/frenchtranslatorpro.com\/en\/wp-json\/wp\/v2\/comments?post=2179"}],"version-history":[{"count":0,"href":"https:\/\/frenchtranslatorpro.com\/en\/wp-json\/wp\/v2\/pages\/2179\/revisions"}],"wp:attachment":[{"href":"https:\/\/frenchtranslatorpro.com\/en\/wp-json\/wp\/v2\/media?parent=2179"}],"curies":[{"name":"wp","href":"https:\/\/api.w.org\/{rel}","templated":true}]}}